{"id":3,"date":"2024-05-16T14:04:03","date_gmt":"2024-05-16T17:04:03","guid":{"rendered":"https:\/\/moradadasaraucarias.com.br\/\/?page_id=3"},"modified":"2024-06-27T13:45:23","modified_gmt":"2024-06-27T16:45:23","slug":"politica-de-privacidade","status":"publish","type":"page","link":"https:\/\/moradadasaraucarias.com.br\/en\/politica-de-privacidade\/","title":{"rendered":"Pol\u00edtica de privacidade"},"content":{"rendered":"<div data-elementor-type=\"wp-page\" data-elementor-id=\"3\" class=\"elementor elementor-3\">\n\t\t\t\t<div class=\"elementor-element elementor-element-7e177720 e-flex e-con-boxed e-con e-parent\" data-id=\"7e177720\" data-element_type=\"container\" data-e-type=\"container\" data-settings=\"{&quot;hoteller_ext_is_background_parallax&quot;:&quot;false&quot;,&quot;hoteller_ext_is_background_on_scroll&quot;:&quot;false&quot;,&quot;hoteller_ext_link_sidemenu&quot;:&quot;false&quot;,&quot;hoteller_ext_link_fullmenu&quot;:&quot;false&quot;,&quot;hoteller_ext_link_closed_fullmenu&quot;:&quot;false&quot;,&quot;hoteller_ext_is_scrollme&quot;:&quot;false&quot;,&quot;hoteller_ext_is_smoove&quot;:&quot;false&quot;,&quot;hoteller_ext_is_parallax_mouse&quot;:&quot;false&quot;,&quot;hoteller_ext_is_infinite&quot;:&quot;false&quot;,&quot;hoteller_ext_is_fadeout_animation&quot;:&quot;false&quot;,&quot;hoteller_ext_mobile_static&quot;:&quot;false&quot;}\">\n\t\t\t\t\t<div class=\"e-con-inner\">\n\t\t\t\t<div class=\"elementor-element elementor-element-4800d1 elementor-widget elementor-widget-text-editor\" data-id=\"4800d1\" data-element_type=\"widget\" data-e-type=\"widget\" data-settings=\"{&quot;hoteller_ext_link_sidemenu&quot;:&quot;false&quot;,&quot;hoteller_ext_link_fullmenu&quot;:&quot;false&quot;,&quot;hoteller_ext_link_closed_fullmenu&quot;:&quot;false&quot;,&quot;hoteller_ext_is_scrollme&quot;:&quot;false&quot;,&quot;hoteller_ext_is_smoove&quot;:&quot;false&quot;,&quot;hoteller_ext_is_parallax_mouse&quot;:&quot;false&quot;,&quot;hoteller_ext_is_infinite&quot;:&quot;false&quot;,&quot;hoteller_ext_is_fadeout_animation&quot;:&quot;false&quot;,&quot;hoteller_ext_mobile_static&quot;:&quot;false&quot;}\" data-widget_type=\"text-editor.default\">\n\t\t\t\t<div class=\"elementor-widget-container\">\n\t\t\t\t\t\t\t\t\t\n<h2 class=\"wp-block-heading\"><strong>Privacy Policy<\/strong><\/h2>\n<p>A sua privacidade \u00e9 importante para n\u00f3s. \u00c9 pol\u00edtica do Morada das Arauc\u00e1rias respeitar a sua privacidade em rela\u00e7\u00e3o a qualquer informa\u00e7\u00e3o sua que possamos coletar no site [Morada das Arauc\u00e1rias](https:\/\/moradadasaraucarias.com.br), e outros sites que possu\u00edmos e operamos.<\/p>\n<h3>1. Informa\u00e7\u00f5es que Coletamos<\/h3>\n<p>Coletamos informa\u00e7\u00f5es de identifica\u00e7\u00e3o pessoal, como nome, e-mail, telefone e outras informa\u00e7\u00f5es pessoais fornecidas por voc\u00ea de forma volunt\u00e1ria atrav\u00e9s de formul\u00e1rios de contato ou de reserva em nosso site.<\/p>\n<h3>2. Como Utilizamos as Informa\u00e7\u00f5es<\/h3>\n<p>Utilizamos as informa\u00e7\u00f5es coletadas para:<br \/>&#8211; Entrar em contato com voc\u00ea;<br \/>&#8211; Processar suas reservas e fornecer os servi\u00e7os solicitados;<br \/>&#8211; Melhorar nossos servi\u00e7os e atendimento;<br \/>&#8211; Enviar atualiza\u00e7\u00f5es e informa\u00e7\u00f5es sobre nossos chal\u00e9s e servi\u00e7os, desde que voc\u00ea tenha optado por receb\u00ea-las.<\/p>\n<h3>3. Compartilhamento de Informa\u00e7\u00f5es<\/h3>\n<p>N\u00e3o compartilhamos suas informa\u00e7\u00f5es pessoais publicamente ou com terceiros, exceto quando exigido por lei.<\/p>\n<h3>4. Armazenamento e Seguran\u00e7a das Informa\u00e7\u00f5es<\/h3>\n<p>Armazenamos suas informa\u00e7\u00f5es em ambientes seguros para evitar perda, uso indevido, acesso n\u00e3o autorizado, divulga\u00e7\u00e3o, altera\u00e7\u00e3o ou destrui\u00e7\u00e3o das informa\u00e7\u00f5es sob nosso controle. No entanto, lembramos que nenhum m\u00e9todo de transmiss\u00e3o ou armazenamento eletr\u00f4nico \u00e9 100% seguro.<\/p>\n<h3>5. Direitos dos Usu\u00e1rios<\/h3>\n<p>Voc\u00ea tem o direito de acessar, corrigir, atualizar ou solicitar a exclus\u00e3o de suas informa\u00e7\u00f5es pessoais. Para exercer esses direitos, entre em contato conosco atrav\u00e9s das informa\u00e7\u00f5es de contato fornecidas em nosso site.<\/p>\n<h3>6. Cookies e Tecnologias Semelhantes<\/h3>\n<p>Utilizamos cookies para melhorar sua experi\u00eancia em nosso site. Cookies s\u00e3o pequenos arquivos de texto enviados para seu navegador pelos sites que voc\u00ea visita. Eles ajudam a lembrar informa\u00e7\u00f5es sobre sua visita, como suas prefer\u00eancias de idioma e outras configura\u00e7\u00f5es. Voc\u00ea pode optar por desativar os cookies nas configura\u00e7\u00f5es do seu navegador, mas isso pode afetar a funcionalidade do site.<\/p>\n<h3>7. Links para Outros Sites<\/h3>\n<p>Nosso site pode conter links para outros sites de interesse. No entanto, uma vez que voc\u00ea tenha usado esses links para sair do nosso site, voc\u00ea deve observar que n\u00e3o temos controle sobre esses outros sites. Portanto, n\u00e3o podemos ser respons\u00e1veis pela prote\u00e7\u00e3o e privacidade de qualquer informa\u00e7\u00e3o que voc\u00ea fornecer enquanto visita esses sites.<\/p>\n<h3>8. Altera\u00e7\u00f5es a Esta Pol\u00edtica<\/h3>\n<p>Podemos atualizar nossa Pol\u00edtica de Privacidade de tempos em tempos. Recomendamos que voc\u00ea revise esta p\u00e1gina periodicamente para se manter informado sobre como estamos protegendo suas informa\u00e7\u00f5es.<\/p>\n<h3>9. Contato<\/h3>\n<p>Se voc\u00ea tiver quaisquer d\u00favidas sobre esta Pol\u00edtica de Privacidade ou sobre nossas pr\u00e1ticas de coleta e processamento de dados, entre em contato conosco atrav\u00e9s do e-mail [seu-email@moradadasaraucarias.com.br] ou pelo telefone [seu-telefone].<\/p>\n<h4>Data de Vig\u00eancia: <strong>junho de 2004<\/strong><\/h4>\n\t\t\t\t\t\t\t\t<\/div>\n\t\t\t\t<\/div>\n\t\t\t\t\t<\/div>\n\t\t\t\t<\/div>\n\t\t\t\t<\/div>","protected":false},"excerpt":{"rendered":"<p>Pol\u00edtica de Privacidade A sua privacidade \u00e9 importante para n\u00f3s. \u00c9 pol\u00edtica do Morada das Arauc\u00e1rias respeitar a sua privacidade em rela\u00e7\u00e3o a qualquer informa\u00e7\u00e3o sua que possamos coletar no site [Morada das Arauc\u00e1rias](https:\/\/moradadasaraucarias.com.br), e outros sites que possu\u00edmos e [&hellip;]<\/p>","protected":false},"author":1,"featured_media":0,"parent":0,"menu_order":0,"comment_status":"closed","ping_status":"open","template":"","meta":{"om_disable_all_campaigns":false,"_monsterinsights_skip_tracking":false,"_monsterinsights_sitenote_active":false,"_monsterinsights_sitenote_note":"","_monsterinsights_sitenote_category":0,"_uf_show_specific_survey":0,"_uf_disable_surveys":false,"footnotes":""},"class_list":["post-3","page","type-page","status-publish","hentry"],"aioseo_notices":[],"_links":{"self":[{"href":"https:\/\/moradadasaraucarias.com.br\/en\/wp-json\/wp\/v2\/pages\/3","targetHints":{"allow":["GET"]}}],"collection":[{"href":"https:\/\/moradadasaraucarias.com.br\/en\/wp-json\/wp\/v2\/pages"}],"about":[{"href":"https:\/\/moradadasaraucarias.com.br\/en\/wp-json\/wp\/v2\/types\/page"}],"author":[{"embeddable":true,"href":"https:\/\/moradadasaraucarias.com.br\/en\/wp-json\/wp\/v2\/users\/1"}],"replies":[{"embeddable":true,"href":"https:\/\/moradadasaraucarias.com.br\/en\/wp-json\/wp\/v2\/comments?post=3"}],"version-history":[{"count":0,"href":"https:\/\/moradadasaraucarias.com.br\/en\/wp-json\/wp\/v2\/pages\/3\/revisions"}],"wp:attachment":[{"href":"https:\/\/moradadasaraucarias.com.br\/en\/wp-json\/wp\/v2\/media?parent=3"}],"curies":[{"name":"wp","href":"https:\/\/api.w.org\/{rel}","templated":true}]}}